{"id":111,"date":"2024-04-11T14:13:27","date_gmt":"2024-04-11T12:13:27","guid":{"rendered":"https:\/\/odelialaboratoires.fr\/?page_id=111"},"modified":"2025-01-31T14:43:38","modified_gmt":"2025-01-31T13:43:38","slug":"accueil","status":"publish","type":"page","link":"https:\/\/odelialaboratoires.fr\/","title":{"rendered":"Accueil"},"content":{"rendered":"\n<style>\/*! elementor - v3.20.0 - 26-03-2024 *\/<br \/>\n.elementor-heading-title{padding:0;margin:0;line-height:1}.elementor-widget-heading .elementor-heading-title[class*=elementor-size-]>a{color:inherit;font-size:inherit;line-height:inherit}.elementor-widget-heading .elementor-heading-title.elementor-size-small{font-size:15px}.elementor-widget-heading .elementor-heading-title.elementor-size-medium{font-size:19px}.elementor-widget-heading .elementor-heading-title.elementor-size-large{font-size:29px}.elementor-widget-heading .elementor-heading-title.elementor-size-xl{font-size:39px}.elementor-widget-heading .elementor-heading-title.elementor-size-xxl{font-size:59px}<\/style>\n\n\n\n<h1 class=\"wp-block-heading\">ODELIA<\/h1>\n\n\n\n<p>Chez ODELIA Laboratoires, nous sommes \u00e0 la pointe de la Recherche sur&nbsp;<i style=\"font-size: 18px; text-align: justify;\">Nigella sativa&nbsp;<\/i>depuis plusieurs ann\u00e9es. Parmi les axes que nous explorons, les b\u00e9n\u00e9fices de la thymoquinone sur la sant\u00e9 et le bien-\u00eatre. Par exemple, comment la concentration en thymoquinone va \u00eatre plus ou moins d\u00e9terminante pour caract\u00e9riser l\u2019efficacit\u00e9 de la nigelle dans le soin de telle affection.<\/p>\n\n\n\n<p>\t\t\t<a href=\"https:\/\/odelialaboratoires.fr\/index.php\/notre-expertise\/\"><br>\n\t\t\t\t\t\td\u00e9couvrir<br>\n\t\t\t\t\t<\/a><\/p>\n\n\n\n<style>\/*! elementor - v3.20.0 - 26-03-2024 *\/<br \/>\n.elementor-widget-image{text-align:center}.elementor-widget-image a{display:inline-block}.elementor-widget-image a img[src$=\".svg\"]{width:48px}.elementor-widget-image img{vertical-align:middle;display:inline-block}<\/style>\n\n\n\n<figure class=\"wp-block-gallery has-nested-images columns-default is-cropped wp-block-gallery-1 is-layout-flex wp-block-gallery-is-layout-flex\">\n<figure class=\"wp-block-image size-large\"><img fetchpriority=\"high\" decoding=\"async\" width=\"1024\" height=\"576\" data-id=\"458\" src=\"https:\/\/odelialaboratoires.fr\/wp-content\/uploads\/2025\/01\/Odelia-laboratoires-nigelle-complements-alimentaires-1024x576.jpg\" alt=\"Odelia laboratoires nigelle compl\u00e9ments alimentaires g\u00e9lule capsules molles huile\" class=\"wp-image-458\" srcset=\"https:\/\/odelialaboratoires.fr\/wp-content\/uploads\/2025\/01\/Odelia-laboratoires-nigelle-complements-alimentaires-1024x576.jpg 1024w, https:\/\/odelialaboratoires.fr\/wp-content\/uploads\/2025\/01\/Odelia-laboratoires-nigelle-complements-alimentaires-300x169.jpg 300w, https:\/\/odelialaboratoires.fr\/wp-content\/uploads\/2025\/01\/Odelia-laboratoires-nigelle-complements-alimentaires-768x432.jpg 768w, https:\/\/odelialaboratoires.fr\/wp-content\/uploads\/2025\/01\/Odelia-laboratoires-nigelle-complements-alimentaires-1536x864.jpg 1536w, https:\/\/odelialaboratoires.fr\/wp-content\/uploads\/2025\/01\/Odelia-laboratoires-nigelle-complements-alimentaires.jpg 1920w\" sizes=\"(max-width: 1024px) 100vw, 1024px\" \/><\/figure>\n<\/figure>\n\n\n\n<p><\/p>\n\n\n\n<p>\u00a9 Tous droits r\u00e9serv\u00e9s<\/p>\n\n\n\n<p><\/p>\n","protected":false},"excerpt":{"rendered":"<p>ODELIA Chez ODELIA Laboratoires, nous sommes \u00e0 la pointe de la Recherche sur&nbsp;Nigella sativa&nbsp;depuis plusieurs ann\u00e9es. Parmi les axes que nous explorons, les b\u00e9n\u00e9fices de la thymoquinone sur la sant\u00e9 et le bien-\u00eatre. Par exemple, comment la concentration en thymoquinone va \u00eatre plus ou moins d\u00e9terminante pour caract\u00e9riser l\u2019efficacit\u00e9 de la nigelle dans le soin [&hellip;]<\/p>\n","protected":false},"author":1,"featured_media":0,"parent":0,"menu_order":0,"comment_status":"closed","ping_status":"closed","template":"","meta":{"footnotes":""},"class_list":["post-111","page","type-page","status-publish","hentry"],"_links":{"self":[{"href":"https:\/\/odelialaboratoires.fr\/index.php\/wp-json\/wp\/v2\/pages\/111","targetHints":{"allow":["GET"]}}],"collection":[{"href":"https:\/\/odelialaboratoires.fr\/index.php\/wp-json\/wp\/v2\/pages"}],"about":[{"href":"https:\/\/odelialaboratoires.fr\/index.php\/wp-json\/wp\/v2\/types\/page"}],"author":[{"embeddable":true,"href":"https:\/\/odelialaboratoires.fr\/index.php\/wp-json\/wp\/v2\/users\/1"}],"replies":[{"embeddable":true,"href":"https:\/\/odelialaboratoires.fr\/index.php\/wp-json\/wp\/v2\/comments?post=111"}],"version-history":[{"count":22,"href":"https:\/\/odelialaboratoires.fr\/index.php\/wp-json\/wp\/v2\/pages\/111\/revisions"}],"predecessor-version":[{"id":459,"href":"https:\/\/odelialaboratoires.fr\/index.php\/wp-json\/wp\/v2\/pages\/111\/revisions\/459"}],"wp:attachment":[{"href":"https:\/\/odelialaboratoires.fr\/index.php\/wp-json\/wp\/v2\/media?parent=111"}],"curies":[{"name":"wp","href":"https:\/\/api.w.org\/{rel}","templated":true}]}}