{"id":113,"date":"2024-04-11T14:14:01","date_gmt":"2024-04-11T12:14:01","guid":{"rendered":"https:\/\/odelialaboratoires.fr\/?page_id=113"},"modified":"2024-04-12T10:41:26","modified_gmt":"2024-04-12T08:41:26","slug":"nos-marques","status":"publish","type":"page","link":"https:\/\/odelialaboratoires.fr\/index.php\/nos-marques\/","title":{"rendered":"Nos marques"},"content":{"rendered":"\t\t<div data-elementor-type=\"wp-page\" data-elementor-id=\"113\" class=\"elementor elementor-113\">\n\t\t\t\t<div class=\"elementor-element elementor-element-5e4d42d3 e-con-full e-flex e-con e-parent\" data-id=\"5e4d42d3\" data-element_type=\"container\" id=\"next\" data-core-v316-plus=\"true\">\n\t\t\t\t<div class=\"elementor-element elementor-element-4331a0cb elementor-widget elementor-widget-heading\" data-id=\"4331a0cb\" data-element_type=\"widget\" data-widget_type=\"heading.default\">\n\t\t\t\t<div class=\"elementor-widget-container\">\n\t\t\t<style>\/*! elementor - v3.20.0 - 26-03-2024 *\/\n.elementor-heading-title{padding:0;margin:0;line-height:1}.elementor-widget-heading .elementor-heading-title[class*=elementor-size-]>a{color:inherit;font-size:inherit;line-height:inherit}.elementor-widget-heading .elementor-heading-title.elementor-size-small{font-size:15px}.elementor-widget-heading .elementor-heading-title.elementor-size-medium{font-size:19px}.elementor-widget-heading .elementor-heading-title.elementor-size-large{font-size:29px}.elementor-widget-heading .elementor-heading-title.elementor-size-xl{font-size:39px}.elementor-widget-heading .elementor-heading-title.elementor-size-xxl{font-size:59px}<\/style><h3 class=\"elementor-heading-title elementor-size-default\">Nos marques<\/h3>\t\t<\/div>\n\t\t\t\t<\/div>\n\t\t\t\t<div class=\"elementor-element elementor-element-3a7c1682 elementor-widget elementor-widget-heading\" data-id=\"3a7c1682\" data-element_type=\"widget\" data-widget_type=\"heading.default\">\n\t\t\t\t<div class=\"elementor-widget-container\">\n\t\t\t<p class=\"elementor-heading-title elementor-size-default\">ODELIA Laboratoires a d\u00e9velopp\u00e9 plusieurs marques autour de la nigelle, qui vont exploiter les richesses de cet ingr\u00e9dient naturel<\/p>\t\t<\/div>\n\t\t\t\t<\/div>\n\t\t<div class=\"elementor-element elementor-element-6feb581a e-con-full e-flex e-con e-child\" data-id=\"6feb581a\" data-element_type=\"container\">\n\t\t<div class=\"elementor-element elementor-element-1003fd72 e-con-full e-flex e-con e-child\" data-id=\"1003fd72\" data-element_type=\"container\">\n\t\t\t\t<div class=\"elementor-element elementor-element-24762dc elementor-position-top elementor-widget elementor-widget-image-box\" data-id=\"24762dc\" data-element_type=\"widget\" data-widget_type=\"image-box.default\">\n\t\t\t\t<div class=\"elementor-widget-container\">\n\t\t\t<style>\/*! elementor - v3.20.0 - 26-03-2024 *\/\n.elementor-widget-image-box .elementor-image-box-content{width:100%}@media (min-width:768px){.elementor-widget-image-box.elementor-position-left .elementor-image-box-wrapper,.elementor-widget-image-box.elementor-position-right .elementor-image-box-wrapper{display:flex}.elementor-widget-image-box.elementor-position-right .elementor-image-box-wrapper{text-align:right;flex-direction:row-reverse}.elementor-widget-image-box.elementor-position-left .elementor-image-box-wrapper{text-align:left;flex-direction:row}.elementor-widget-image-box.elementor-position-top .elementor-image-box-img{margin:auto}.elementor-widget-image-box.elementor-vertical-align-top .elementor-image-box-wrapper{align-items:flex-start}.elementor-widget-image-box.elementor-vertical-align-middle .elementor-image-box-wrapper{align-items:center}.elementor-widget-image-box.elementor-vertical-align-bottom .elementor-image-box-wrapper{align-items:flex-end}}@media (max-width:767px){.elementor-widget-image-box .elementor-image-box-img{margin-left:auto!important;margin-right:auto!important;margin-bottom:15px}}.elementor-widget-image-box .elementor-image-box-img{display:inline-block}.elementor-widget-image-box .elementor-image-box-title a{color:inherit}.elementor-widget-image-box .elementor-image-box-wrapper{text-align:center}.elementor-widget-image-box .elementor-image-box-description{margin:0}<\/style><div class=\"elementor-image-box-wrapper\"><figure class=\"elementor-image-box-img\"><a href=\"#\" tabindex=\"-1\"><img fetchpriority=\"high\" decoding=\"async\" width=\"1080\" height=\"500\" src=\"https:\/\/odelialaboratoires.fr\/wp-content\/uploads\/2024\/04\/Logo-epais-ODM-e1712845040437.png\" class=\"elementor-animation-grow attachment-full size-full wp-image-142\" alt=\"\" srcset=\"https:\/\/odelialaboratoires.fr\/wp-content\/uploads\/2024\/04\/Logo-epais-ODM-e1712845040437.png 1080w, https:\/\/odelialaboratoires.fr\/wp-content\/uploads\/2024\/04\/Logo-epais-ODM-e1712845040437-300x139.png 300w, https:\/\/odelialaboratoires.fr\/wp-content\/uploads\/2024\/04\/Logo-epais-ODM-e1712845040437-1024x474.png 1024w, https:\/\/odelialaboratoires.fr\/wp-content\/uploads\/2024\/04\/Logo-epais-ODM-e1712845040437-768x356.png 768w\" sizes=\"(max-width: 1080px) 100vw, 1080px\" \/><\/a><\/figure><div class=\"elementor-image-box-content\"><h4 class=\"elementor-image-box-title\"><a href=\"#\">L'Officine du Monde<\/a><\/h4><p class=\"elementor-image-box-description\">La marque de r\u00e9f\u00e9rence sur la nigelle de qualit\u00e9. Des formules issues de la Recherche fran\u00e7aise, avec des dosages uniques en thymoquinine et des formules innovantes. Une douzaine de r\u00e9f\u00e9rences. Sans \u00e9quivalent dans l\u2019univers de la sant\u00e9 naturelle.\n<\/p><\/div><\/div>\t\t<\/div>\n\t\t\t\t<\/div>\n\t\t\t\t<\/div>\n\t\t<div class=\"elementor-element elementor-element-699775b2 e-con-full e-flex e-con e-child\" data-id=\"699775b2\" data-element_type=\"container\">\n\t\t\t\t<div class=\"elementor-element elementor-element-41159dc2 elementor-position-top elementor-widget elementor-widget-image-box\" data-id=\"41159dc2\" data-element_type=\"widget\" data-widget_type=\"image-box.default\">\n\t\t\t\t<div class=\"elementor-widget-container\">\n\t\t\t<div class=\"elementor-image-box-wrapper\"><figure class=\"elementor-image-box-img\"><a href=\"#\" tabindex=\"-1\"><img decoding=\"async\" width=\"4000\" height=\"613\" src=\"https:\/\/odelialaboratoires.fr\/wp-content\/uploads\/2024\/04\/Design-sans-titre-13-e1712845012464.png\" class=\"elementor-animation-grow attachment-full size-full wp-image-141\" alt=\"\" srcset=\"https:\/\/odelialaboratoires.fr\/wp-content\/uploads\/2024\/04\/Design-sans-titre-13-e1712845012464.png 4000w, https:\/\/odelialaboratoires.fr\/wp-content\/uploads\/2024\/04\/Design-sans-titre-13-e1712845012464-300x46.png 300w, https:\/\/odelialaboratoires.fr\/wp-content\/uploads\/2024\/04\/Design-sans-titre-13-e1712845012464-1024x157.png 1024w, https:\/\/odelialaboratoires.fr\/wp-content\/uploads\/2024\/04\/Design-sans-titre-13-e1712845012464-768x118.png 768w, https:\/\/odelialaboratoires.fr\/wp-content\/uploads\/2024\/04\/Design-sans-titre-13-e1712845012464-1536x235.png 1536w, https:\/\/odelialaboratoires.fr\/wp-content\/uploads\/2024\/04\/Design-sans-titre-13-e1712845012464-2048x314.png 2048w\" sizes=\"(max-width: 4000px) 100vw, 4000px\" \/><\/a><\/figure><div class=\"elementor-image-box-content\"><h4 class=\"elementor-image-box-title\"><a href=\"#\">Exceptys<\/a><\/h4><p class=\"elementor-image-box-description\">Le meilleur des huiles \u00e0 l\u2019\u00e9tat brut.<\/p><\/div><\/div>\t\t<\/div>\n\t\t\t\t<\/div>\n\t\t\t\t<\/div>\n\t\t<div class=\"elementor-element elementor-element-49e1da5f e-con-full e-flex e-con e-child\" data-id=\"49e1da5f\" data-element_type=\"container\">\n\t\t\t\t<div class=\"elementor-element elementor-element-6989110e elementor-position-top elementor-widget elementor-widget-image-box\" data-id=\"6989110e\" data-element_type=\"widget\" data-widget_type=\"image-box.default\">\n\t\t\t\t<div class=\"elementor-widget-container\">\n\t\t\t<div class=\"elementor-image-box-wrapper\"><figure class=\"elementor-image-box-img\"><a href=\"#\" tabindex=\"-1\"><img decoding=\"async\" width=\"2000\" height=\"1266\" src=\"https:\/\/odelialaboratoires.fr\/wp-content\/uploads\/2024\/04\/Design-sans-titre-6-e1712872437523.png\" class=\"elementor-animation-grow attachment-full size-full wp-image-168\" alt=\"\" srcset=\"https:\/\/odelialaboratoires.fr\/wp-content\/uploads\/2024\/04\/Design-sans-titre-6-e1712872437523.png 2000w, https:\/\/odelialaboratoires.fr\/wp-content\/uploads\/2024\/04\/Design-sans-titre-6-e1712872437523-300x190.png 300w, https:\/\/odelialaboratoires.fr\/wp-content\/uploads\/2024\/04\/Design-sans-titre-6-e1712872437523-1024x648.png 1024w, https:\/\/odelialaboratoires.fr\/wp-content\/uploads\/2024\/04\/Design-sans-titre-6-e1712872437523-768x486.png 768w, https:\/\/odelialaboratoires.fr\/wp-content\/uploads\/2024\/04\/Design-sans-titre-6-e1712872437523-1536x972.png 1536w\" sizes=\"(max-width: 2000px) 100vw, 2000px\" \/><\/a><\/figure><div class=\"elementor-image-box-content\"><h4 class=\"elementor-image-box-title\"><a href=\"#\">Marque Blanche<\/a><\/h4><p class=\"elementor-image-box-description\">pour le compte de plusieurs acteurs du compl\u00e9ment alimentaire et de la cosm\u00e9tique, nous fournissons soit des formules autour de la nigelle, soit de la mati\u00e8re premi\u00e8re de tr\u00e8s grande qualit\u00e9.\n<\/p><\/div><\/div>\t\t<\/div>\n\t\t\t\t<\/div>\n\t\t\t\t<\/div>\n\t\t\t\t<\/div>\n\t\t\t\t<\/div>\n\t\t<div class=\"elementor-element elementor-element-40d4fe24 e-con-full e-flex e-con e-parent\" data-id=\"40d4fe24\" data-element_type=\"container\" data-settings=\"{&quot;background_background&quot;:&quot;classic&quot;}\" data-core-v316-plus=\"true\">\n\t\t\t\t<div class=\"elementor-element elementor-element-348514a8 elementor-widget elementor-widget-heading\" data-id=\"348514a8\" data-element_type=\"widget\" data-widget_type=\"heading.default\">\n\t\t\t\t<div class=\"elementor-widget-container\">\n\t\t\t<p class=\"elementor-heading-title elementor-size-default\">\u00a9 Tous droits r\u00e9serv\u00e9s<\/p>\t\t<\/div>\n\t\t\t\t<\/div>\n\t\t\t\t<\/div>\n\t\t\t\t<\/div>\n\t\t","protected":false},"excerpt":{"rendered":"<p>Nos marques ODELIA Laboratoires a d\u00e9velopp\u00e9 plusieurs marques autour de la nigelle, qui vont exploiter les richesses de cet ingr\u00e9dient naturel L&#8217;Officine du Monde La marque de r\u00e9f\u00e9rence sur la nigelle de qualit\u00e9. Des formules issues de la Recherche fran\u00e7aise, avec des dosages uniques en thymoquinine et des formules innovantes. Une douzaine de r\u00e9f\u00e9rences. Sans [&hellip;]<\/p>\n","protected":false},"author":1,"featured_media":0,"parent":0,"menu_order":0,"comment_status":"closed","ping_status":"closed","template":"","meta":{"footnotes":""},"class_list":["post-113","page","type-page","status-publish","hentry"],"_links":{"self":[{"href":"https:\/\/odelialaboratoires.fr\/index.php\/wp-json\/wp\/v2\/pages\/113","targetHints":{"allow":["GET"]}}],"collection":[{"href":"https:\/\/odelialaboratoires.fr\/index.php\/wp-json\/wp\/v2\/pages"}],"about":[{"href":"https:\/\/odelialaboratoires.fr\/index.php\/wp-json\/wp\/v2\/types\/page"}],"author":[{"embeddable":true,"href":"https:\/\/odelialaboratoires.fr\/index.php\/wp-json\/wp\/v2\/users\/1"}],"replies":[{"embeddable":true,"href":"https:\/\/odelialaboratoires.fr\/index.php\/wp-json\/wp\/v2\/comments?post=113"}],"version-history":[{"count":19,"href":"https:\/\/odelialaboratoires.fr\/index.php\/wp-json\/wp\/v2\/pages\/113\/revisions"}],"predecessor-version":[{"id":352,"href":"https:\/\/odelialaboratoires.fr\/index.php\/wp-json\/wp\/v2\/pages\/113\/revisions\/352"}],"wp:attachment":[{"href":"https:\/\/odelialaboratoires.fr\/index.php\/wp-json\/wp\/v2\/media?parent=113"}],"curies":[{"name":"wp","href":"https:\/\/api.w.org\/{rel}","templated":true}]}}