{"id":133,"date":"2024-04-11T14:47:22","date_gmt":"2024-04-11T12:47:22","guid":{"rendered":"https:\/\/odelialaboratoires.fr\/?page_id=133"},"modified":"2024-04-12T14:43:30","modified_gmt":"2024-04-12T12:43:30","slug":"notre-expertise","status":"publish","type":"page","link":"https:\/\/odelialaboratoires.fr\/index.php\/notre-expertise\/","title":{"rendered":"Notre expertise"},"content":{"rendered":"\t\t<div data-elementor-type=\"wp-page\" data-elementor-id=\"133\" class=\"elementor elementor-133\">\n\t\t\t\t<div class=\"elementor-element elementor-element-1c92002b e-con-full e-flex e-con e-parent\" data-id=\"1c92002b\" data-element_type=\"container\" data-settings=\"{&quot;background_background&quot;:&quot;classic&quot;}\" data-core-v316-plus=\"true\">\n\t\t<div class=\"elementor-element elementor-element-4f1b0ff5 e-con-full e-flex e-con e-child\" data-id=\"4f1b0ff5\" data-element_type=\"container\">\n\t\t\t\t<div class=\"elementor-element elementor-element-17e48319 elementor-widget elementor-widget-heading\" data-id=\"17e48319\" data-element_type=\"widget\" data-widget_type=\"heading.default\">\n\t\t\t\t<div class=\"elementor-widget-container\">\n\t\t\t<style>\/*! elementor - v3.20.0 - 26-03-2024 *\/\n.elementor-heading-title{padding:0;margin:0;line-height:1}.elementor-widget-heading .elementor-heading-title[class*=elementor-size-]>a{color:inherit;font-size:inherit;line-height:inherit}.elementor-widget-heading .elementor-heading-title.elementor-size-small{font-size:15px}.elementor-widget-heading .elementor-heading-title.elementor-size-medium{font-size:19px}.elementor-widget-heading .elementor-heading-title.elementor-size-large{font-size:29px}.elementor-widget-heading .elementor-heading-title.elementor-size-xl{font-size:39px}.elementor-widget-heading .elementor-heading-title.elementor-size-xxl{font-size:59px}<\/style><h1 class=\"elementor-heading-title elementor-size-default\">A la pointe de la Recherche sur la Nigelle<\/h1>\t\t<\/div>\n\t\t\t\t<\/div>\n\t\t\t\t<div class=\"elementor-element elementor-element-6f93db82 elementor-widget elementor-widget-text-editor\" data-id=\"6f93db82\" data-element_type=\"widget\" data-widget_type=\"text-editor.default\">\n\t\t\t\t<div class=\"elementor-widget-container\">\n\t\t\t<style>\/*! elementor - v3.20.0 - 26-03-2024 *\/\n.elementor-widget-text-editor.elementor-drop-cap-view-stacked .elementor-drop-cap{background-color:#69727d;color:#fff}.elementor-widget-text-editor.elementor-drop-cap-view-framed .elementor-drop-cap{color:#69727d;border:3px solid;background-color:transparent}.elementor-widget-text-editor:not(.elementor-drop-cap-view-default) .elementor-drop-cap{margin-top:8px}.elementor-widget-text-editor:not(.elementor-drop-cap-view-default) .elementor-drop-cap-letter{width:1em;height:1em}.elementor-widget-text-editor .elementor-drop-cap{float:left;text-align:center;line-height:1;font-size:50px}.elementor-widget-text-editor .elementor-drop-cap-letter{display:inline-block}<\/style>\t\t\t\t<p><span style=\"font-weight: 400;\">Chez ODELIA Laboratoires, nous sommes \u00e0 la pointe de la Recherche sur <\/span><i><span style=\"font-weight: 400;\">Nigella sativa <\/span><\/i><span style=\"font-weight: 400;\">depuis plusieurs ann\u00e9es. Parmi les axes que nous explorons, les b\u00e9n\u00e9fices de la thymoquinone sur la sant\u00e9 et le bien-\u00eatre. Par exemple, comment la concentration en thymoquinone va \u00eatre plus ou moins d\u00e9terminante pour caract\u00e9riser l\u2019efficacit\u00e9 de la nigelle dans le soin de telle affection (cutan\u00e9e, interne, etc.).<\/span><\/p><p><span style=\"font-weight: 400;\">A partir de l\u00e0, nous \u00e9laborons des formules de compl\u00e9ments alimentaires et de cosm\u00e9tiques qui soient \u00e0 la fois naturelles et le plus efficaces possible. Ainsi, quelle plante va s\u2019allier au mieux avec la nigelle pour donner la formule la plus efficace pour apporter une solution \u00e0 telle pathologie? Par exemple: pour soulager les douleurs articulaires, faudra-t-il une formule qui m\u00eale nigelle et harpagophytum? Nigelle et curcuma? Sous quelle forme et \u00e0 quel dosage? Notre \u00e9quipe de formulateurs et chercheurs teste, essaie, jusqu\u2019\u00e0 trouver le dosage, la formule et la gal\u00e9nique qui soient optimaux en termes de b\u00e9n\u00e9fices pour l\u2019utilisateur.<\/span><\/p>\t\t\t\t\t\t<\/div>\n\t\t\t\t<\/div>\n\t\t\t\t<\/div>\n\t\t<div class=\"elementor-element elementor-element-44f39999 e-con-full e-flex e-con e-child\" data-id=\"44f39999\" data-element_type=\"container\">\n\t\t\t\t<div class=\"elementor-element elementor-element-5fdddcf8 elementor-widget elementor-widget-image\" data-id=\"5fdddcf8\" data-element_type=\"widget\" data-widget_type=\"image.default\">\n\t\t\t\t<div class=\"elementor-widget-container\">\n\t\t\t<style>\/*! elementor - v3.20.0 - 26-03-2024 *\/\n.elementor-widget-image{text-align:center}.elementor-widget-image a{display:inline-block}.elementor-widget-image a img[src$=\".svg\"]{width:48px}.elementor-widget-image img{vertical-align:middle;display:inline-block}<\/style>\t\t\t\t\t\t\t\t\t\t<img fetchpriority=\"high\" decoding=\"async\" width=\"800\" height=\"800\" src=\"https:\/\/odelialaboratoires.fr\/wp-content\/uploads\/2024\/04\/\u2714\ufe0f-Agit-sur-la-vitalite-le-confort-digestif-et-les-allergies-14-1024x1024.png\" class=\"attachment-large size-large wp-image-303\" alt=\"\" srcset=\"https:\/\/odelialaboratoires.fr\/wp-content\/uploads\/2024\/04\/\u2714\ufe0f-Agit-sur-la-vitalite-le-confort-digestif-et-les-allergies-14-1024x1024.png 1024w, https:\/\/odelialaboratoires.fr\/wp-content\/uploads\/2024\/04\/\u2714\ufe0f-Agit-sur-la-vitalite-le-confort-digestif-et-les-allergies-14-300x300.png 300w, https:\/\/odelialaboratoires.fr\/wp-content\/uploads\/2024\/04\/\u2714\ufe0f-Agit-sur-la-vitalite-le-confort-digestif-et-les-allergies-14-150x150.png 150w, https:\/\/odelialaboratoires.fr\/wp-content\/uploads\/2024\/04\/\u2714\ufe0f-Agit-sur-la-vitalite-le-confort-digestif-et-les-allergies-14-768x768.png 768w, https:\/\/odelialaboratoires.fr\/wp-content\/uploads\/2024\/04\/\u2714\ufe0f-Agit-sur-la-vitalite-le-confort-digestif-et-les-allergies-14.png 1200w\" sizes=\"(max-width: 800px) 100vw, 800px\" \/>\t\t\t\t\t\t\t\t\t\t\t\t\t<\/div>\n\t\t\t\t<\/div>\n\t\t\t\t<\/div>\n\t\t\t\t<\/div>\n\t\t<div class=\"elementor-element elementor-element-0dfa2cb e-con-full e-flex e-con e-parent\" data-id=\"0dfa2cb\" data-element_type=\"container\" data-settings=\"{&quot;background_background&quot;:&quot;classic&quot;}\" data-core-v316-plus=\"true\">\n\t\t<div class=\"elementor-element elementor-element-6a86158 e-con-full e-flex e-con e-child\" data-id=\"6a86158\" data-element_type=\"container\">\n\t\t\t\t<div class=\"elementor-element elementor-element-8a22e3e elementor-widget elementor-widget-image\" data-id=\"8a22e3e\" data-element_type=\"widget\" data-widget_type=\"image.default\">\n\t\t\t\t<div class=\"elementor-widget-container\">\n\t\t\t\t\t\t\t\t\t\t\t\t\t<img decoding=\"async\" width=\"388\" height=\"265\" src=\"https:\/\/odelialaboratoires.fr\/wp-content\/uploads\/2024\/04\/thq.jpg\" class=\"attachment-large size-large wp-image-298\" alt=\"\" srcset=\"https:\/\/odelialaboratoires.fr\/wp-content\/uploads\/2024\/04\/thq.jpg 388w, https:\/\/odelialaboratoires.fr\/wp-content\/uploads\/2024\/04\/thq-300x205.jpg 300w\" sizes=\"(max-width: 388px) 100vw, 388px\" \/>\t\t\t\t\t\t\t\t\t\t\t\t\t<\/div>\n\t\t\t\t<\/div>\n\t\t\t\t<\/div>\n\t\t<div class=\"elementor-element elementor-element-3355869 e-con-full e-flex e-con e-child\" data-id=\"3355869\" data-element_type=\"container\">\n\t\t\t\t<div class=\"elementor-element elementor-element-5a709cc elementor-widget elementor-widget-heading\" data-id=\"5a709cc\" data-element_type=\"widget\" data-widget_type=\"heading.default\">\n\t\t\t\t<div class=\"elementor-widget-container\">\n\t\t\t<h1 class=\"elementor-heading-title elementor-size-default\">Notre axe principal : la thymoquinone<\/h1>\t\t<\/div>\n\t\t\t\t<\/div>\n\t\t\t\t<div class=\"elementor-element elementor-element-126570b elementor-widget elementor-widget-text-editor\" data-id=\"126570b\" data-element_type=\"widget\" data-widget_type=\"text-editor.default\">\n\t\t\t\t<div class=\"elementor-widget-container\">\n\t\t\t\t\t\t\t<p><span style=\"font-weight: 400;\">Depuis des ann\u00e9es, ODELIA Laboratoires s\u2019int\u00e9resse \u00e0 la thymoquinone. Nous savons que la clef des b\u00e9n\u00e9fices de la nigelle se trouve dans la thymoquinone. A partir de l\u00e0, par la Recherche nous allons d\u00e9terminer quels sont les taux optimaux de thymoquinone, comment les obtenir, par quels proc\u00e9d\u00e9s, avec quelles techniques d\u2019extraction. Mais au-del\u00e0: comment stabiliser la thymoquinone? Quels sont les meilleurs adjuvants? Les meilleures combinaisons possibles? Et y a-t-il des gal\u00e9niques pr\u00e9f\u00e9rables \u00e0 d\u2019autres?<\/span><\/p><p><span style=\"font-weight: 400;\">En parall\u00e8le, nous analysons tous les composants de la nigelle, notamment Nigelline et Nigellone, les Omega, les vitamines. Comment ceux-ci interagissent-ils avec la nigelle? Comment se combinent-ils avec elle, pour quels b\u00e9n\u00e9fices sp\u00e9cifiques?<\/span><\/p><p><span style=\"font-weight: 400;\">En quelques ann\u00e9es, nous avons d\u00e9velopp\u00e9 une expertise unique au monde sur tous les composants qui constituent la nigelle. A partir de l\u00e0, nos formules sont sans \u00e9quivalent.<\/span><\/p>\t\t\t\t\t\t<\/div>\n\t\t\t\t<\/div>\n\t\t\t\t<\/div>\n\t\t\t\t<\/div>\n\t\t<div class=\"elementor-element elementor-element-6d5429 e-flex e-con-boxed e-con e-parent\" data-id=\"6d5429\" data-element_type=\"container\" data-core-v316-plus=\"true\">\n\t\t\t\t\t<div class=\"e-con-inner\">\n\t\t<div class=\"elementor-element elementor-element-785c9328 e-con-full e-flex e-con e-child\" data-id=\"785c9328\" data-element_type=\"container\">\n\t\t<div class=\"elementor-element elementor-element-4b2904c2 e-con-full e-flex e-con e-child\" data-id=\"4b2904c2\" data-element_type=\"container\">\n\t\t\t\t<div class=\"elementor-element elementor-element-751da7c7 elementor-widget elementor-widget-image\" data-id=\"751da7c7\" data-element_type=\"widget\" data-widget_type=\"image.default\">\n\t\t\t\t<div class=\"elementor-widget-container\">\n\t\t\t\t\t\t\t\t\t\t\t\t\t<img decoding=\"async\" width=\"800\" height=\"800\" src=\"https:\/\/odelialaboratoires.fr\/wp-content\/uploads\/2024\/04\/42-1024x1024.png\" class=\"attachment-large size-large wp-image-395\" alt=\"\" srcset=\"https:\/\/odelialaboratoires.fr\/wp-content\/uploads\/2024\/04\/42-1024x1024.png 1024w, https:\/\/odelialaboratoires.fr\/wp-content\/uploads\/2024\/04\/42-300x300.png 300w, https:\/\/odelialaboratoires.fr\/wp-content\/uploads\/2024\/04\/42-150x150.png 150w, https:\/\/odelialaboratoires.fr\/wp-content\/uploads\/2024\/04\/42-768x768.png 768w, https:\/\/odelialaboratoires.fr\/wp-content\/uploads\/2024\/04\/42.png 1200w\" sizes=\"(max-width: 800px) 100vw, 800px\" \/>\t\t\t\t\t\t\t\t\t\t\t\t\t<\/div>\n\t\t\t\t<\/div>\n\t\t\t\t<div class=\"elementor-element elementor-element-4b51a40c elementor-widget elementor-widget-image\" data-id=\"4b51a40c\" data-element_type=\"widget\" data-widget_type=\"image.default\">\n\t\t\t\t<div class=\"elementor-widget-container\">\n\t\t\t\t\t\t\t\t\t\t\t\t\t<img loading=\"lazy\" decoding=\"async\" width=\"800\" height=\"800\" src=\"https:\/\/odelialaboratoires.fr\/wp-content\/uploads\/2024\/04\/45-1024x1024.png\" class=\"attachment-large size-large wp-image-394\" alt=\"\" srcset=\"https:\/\/odelialaboratoires.fr\/wp-content\/uploads\/2024\/04\/45-1024x1024.png 1024w, https:\/\/odelialaboratoires.fr\/wp-content\/uploads\/2024\/04\/45-300x300.png 300w, https:\/\/odelialaboratoires.fr\/wp-content\/uploads\/2024\/04\/45-150x150.png 150w, https:\/\/odelialaboratoires.fr\/wp-content\/uploads\/2024\/04\/45-768x768.png 768w, https:\/\/odelialaboratoires.fr\/wp-content\/uploads\/2024\/04\/45.png 1200w\" sizes=\"(max-width: 800px) 100vw, 800px\" \/>\t\t\t\t\t\t\t\t\t\t\t\t\t<\/div>\n\t\t\t\t<\/div>\n\t\t\t\t<\/div>\n\t\t<div class=\"elementor-element elementor-element-5548ea56 e-con-full e-flex e-con e-child\" data-id=\"5548ea56\" data-element_type=\"container\">\n\t\t\t\t<div class=\"elementor-element elementor-element-3fa9d7af elementor-widget elementor-widget-image\" data-id=\"3fa9d7af\" data-element_type=\"widget\" data-widget_type=\"image.default\">\n\t\t\t\t<div class=\"elementor-widget-container\">\n\t\t\t\t\t\t\t\t\t\t\t\t\t<img loading=\"lazy\" decoding=\"async\" width=\"800\" height=\"800\" src=\"https:\/\/odelialaboratoires.fr\/wp-content\/uploads\/2024\/04\/44-1024x1024.png\" class=\"attachment-large size-large wp-image-397\" alt=\"\" srcset=\"https:\/\/odelialaboratoires.fr\/wp-content\/uploads\/2024\/04\/44-1024x1024.png 1024w, https:\/\/odelialaboratoires.fr\/wp-content\/uploads\/2024\/04\/44-300x300.png 300w, https:\/\/odelialaboratoires.fr\/wp-content\/uploads\/2024\/04\/44-150x150.png 150w, https:\/\/odelialaboratoires.fr\/wp-content\/uploads\/2024\/04\/44-768x768.png 768w, https:\/\/odelialaboratoires.fr\/wp-content\/uploads\/2024\/04\/44.png 1200w\" sizes=\"(max-width: 800px) 100vw, 800px\" \/>\t\t\t\t\t\t\t\t\t\t\t\t\t<\/div>\n\t\t\t\t<\/div>\n\t\t\t\t<div class=\"elementor-element elementor-element-a48d366 elementor-widget elementor-widget-image\" data-id=\"a48d366\" data-element_type=\"widget\" data-widget_type=\"image.default\">\n\t\t\t\t<div class=\"elementor-widget-container\">\n\t\t\t\t\t\t\t\t\t\t\t\t\t<img loading=\"lazy\" decoding=\"async\" width=\"800\" height=\"800\" src=\"https:\/\/odelialaboratoires.fr\/wp-content\/uploads\/2024\/04\/43-1024x1024.png\" class=\"attachment-large size-large wp-image-396\" alt=\"\" srcset=\"https:\/\/odelialaboratoires.fr\/wp-content\/uploads\/2024\/04\/43-1024x1024.png 1024w, https:\/\/odelialaboratoires.fr\/wp-content\/uploads\/2024\/04\/43-300x300.png 300w, https:\/\/odelialaboratoires.fr\/wp-content\/uploads\/2024\/04\/43-150x150.png 150w, https:\/\/odelialaboratoires.fr\/wp-content\/uploads\/2024\/04\/43-768x768.png 768w, https:\/\/odelialaboratoires.fr\/wp-content\/uploads\/2024\/04\/43.png 1200w\" sizes=\"(max-width: 800px) 100vw, 800px\" \/>\t\t\t\t\t\t\t\t\t\t\t\t\t<\/div>\n\t\t\t\t<\/div>\n\t\t\t\t<\/div>\n\t\t\t\t<\/div>\n\t\t<div class=\"elementor-element elementor-element-3d1cd52c e-con-full e-flex e-con e-child\" data-id=\"3d1cd52c\" data-element_type=\"container\">\n\t\t\t\t<div class=\"elementor-element elementor-element-213c145 elementor-widget elementor-widget-heading\" data-id=\"213c145\" data-element_type=\"widget\" data-widget_type=\"heading.default\">\n\t\t\t\t<div class=\"elementor-widget-container\">\n\t\t\t<h3 class=\"elementor-heading-title elementor-size-default\">Notre obsession: le meilleur de la nigelle<\/h3>\t\t<\/div>\n\t\t\t\t<\/div>\n\t\t\t\t<div class=\"elementor-element elementor-element-7d660914 elementor-widget elementor-widget-text-editor\" data-id=\"7d660914\" data-element_type=\"widget\" data-widget_type=\"text-editor.default\">\n\t\t\t\t<div class=\"elementor-widget-container\">\n\t\t\t\t\t\t\t<p><span style=\"font-weight: 400;\">Comme corollaire \u00e0 nos d\u00e9couvertes sur le pouvoir et les b\u00e9n\u00e9fices de la nigelle, nous avons entrepris de s\u00e9lectionner, sur le terrain, les meilleurs extraits de plante. Car \u00e0 quoi bon avancer sur la Recherche si les rendus concrets ne d\u00e9bouchent sur rien? Nous avons donc s\u00e9lectionn\u00e9 les meilleurs producteurs de nigelle, selon la qualit\u00e9 de leurs graines, leurs techniques d\u2019extraction, les taux de thymoquinone, etc. A la suite de ce processus drastique, nous n\u2019en avons retenu que les meilleurs, avec lesquels nous travaillons en \u00e9troite collaboration. Ainsi, notre approvisionnement est \u00e0 la fois diversifi\u00e9 et sans \u00e9gal: en Egypte, en Tunisie, en Ethiopie, en Inde.<\/span><\/p>\t\t\t\t\t\t<\/div>\n\t\t\t\t<\/div>\n\t\t\t\t<\/div>\n\t\t\t\t\t<\/div>\n\t\t\t\t<\/div>\n\t\t<div class=\"elementor-element elementor-element-5b4bf3f e-con-full e-flex e-con e-parent\" data-id=\"5b4bf3f\" data-element_type=\"container\" data-settings=\"{&quot;background_background&quot;:&quot;classic&quot;}\" data-core-v316-plus=\"true\">\n\t\t<div class=\"elementor-element elementor-element-304a489 e-con-full e-flex e-con e-child\" data-id=\"304a489\" data-element_type=\"container\">\n\t\t\t\t<div class=\"elementor-element elementor-element-af12058 elementor-widget elementor-widget-heading\" data-id=\"af12058\" data-element_type=\"widget\" data-widget_type=\"heading.default\">\n\t\t\t\t<div class=\"elementor-widget-container\">\n\t\t\t<h1 class=\"elementor-heading-title elementor-size-default\">Nos engagements avec nos producteurs <\/h1>\t\t<\/div>\n\t\t\t\t<\/div>\n\t\t\t\t<div class=\"elementor-element elementor-element-9519c41 elementor-widget elementor-widget-text-editor\" data-id=\"9519c41\" data-element_type=\"widget\" data-widget_type=\"text-editor.default\">\n\t\t\t\t<div class=\"elementor-widget-container\">\n\t\t\t\t\t\t\t<p><span style=\"font-weight: 400;\">Dans notre recherche de fournisseurs de nigelle premium, certifi\u00e9e bio \u00e0 chaque fois que cela est possible, au-del\u00e0 de la seule qualit\u00e9 de la mati\u00e8re premi\u00e8re, nous pr\u00eatons une attention particuli\u00e8re aux conditions de travail de nos fournisseurs. Notamment, \u00e0 la juste r\u00e9mun\u00e9ration des r\u00e9coltatnts et producteurs, \u00e0 la place qui est accord\u00e9e au travail des femmes. C\u2019est un axe majeur d\u2019engagement de la plupart de nos partenaires, et nous veillons avec eux \u00e0 accro\u00eetre leur impact sur ces points sp\u00e9cifiques.<\/span><\/p>\t\t\t\t\t\t<\/div>\n\t\t\t\t<\/div>\n\t\t\t\t<\/div>\n\t\t<div class=\"elementor-element elementor-element-503486d e-con-full e-flex e-con e-child\" data-id=\"503486d\" data-element_type=\"container\">\n\t\t\t\t<div class=\"elementor-element elementor-element-b2e2fce elementor-widget elementor-widget-image\" data-id=\"b2e2fce\" data-element_type=\"widget\" data-widget_type=\"image.default\">\n\t\t\t\t<div class=\"elementor-widget-container\">\n\t\t\t\t\t\t\t\t\t\t\t\t\t<img loading=\"lazy\" decoding=\"async\" width=\"800\" height=\"800\" src=\"https:\/\/odelialaboratoires.fr\/wp-content\/uploads\/2024\/04\/\u2714\ufe0f-Agit-sur-la-vitalite-le-confort-digestif-et-les-allergies-1-1024x1024.png\" class=\"attachment-large size-large wp-image-213\" alt=\"\" srcset=\"https:\/\/odelialaboratoires.fr\/wp-content\/uploads\/2024\/04\/\u2714\ufe0f-Agit-sur-la-vitalite-le-confort-digestif-et-les-allergies-1-1024x1024.png 1024w, https:\/\/odelialaboratoires.fr\/wp-content\/uploads\/2024\/04\/\u2714\ufe0f-Agit-sur-la-vitalite-le-confort-digestif-et-les-allergies-1-300x300.png 300w, https:\/\/odelialaboratoires.fr\/wp-content\/uploads\/2024\/04\/\u2714\ufe0f-Agit-sur-la-vitalite-le-confort-digestif-et-les-allergies-1-150x150.png 150w, https:\/\/odelialaboratoires.fr\/wp-content\/uploads\/2024\/04\/\u2714\ufe0f-Agit-sur-la-vitalite-le-confort-digestif-et-les-allergies-1-768x768.png 768w, https:\/\/odelialaboratoires.fr\/wp-content\/uploads\/2024\/04\/\u2714\ufe0f-Agit-sur-la-vitalite-le-confort-digestif-et-les-allergies-1.png 1200w\" sizes=\"(max-width: 800px) 100vw, 800px\" \/>\t\t\t\t\t\t\t\t\t\t\t\t\t<\/div>\n\t\t\t\t<\/div>\n\t\t\t\t<\/div>\n\t\t\t\t<\/div>\n\t\t<div class=\"elementor-element elementor-element-3124ab81 e-flex e-con-boxed e-con e-parent\" data-id=\"3124ab81\" data-element_type=\"container\" data-core-v316-plus=\"true\">\n\t\t\t\t\t<div class=\"e-con-inner\">\n\t\t\t\t<div class=\"elementor-element elementor-element-feb95aa elementor-widget elementor-widget-heading\" data-id=\"feb95aa\" data-element_type=\"widget\" data-widget_type=\"heading.default\">\n\t\t\t\t<div class=\"elementor-widget-container\">\n\t\t\t<h3 class=\"elementor-heading-title elementor-size-default\">Nos Partenaires de Recherche<\/h3>\t\t<\/div>\n\t\t\t\t<\/div>\n\t\t\t\t<div class=\"elementor-element elementor-element-30050586 elementor-widget elementor-widget-text-editor\" data-id=\"30050586\" data-element_type=\"widget\" data-widget_type=\"text-editor.default\">\n\t\t\t\t<div class=\"elementor-widget-container\">\n\t\t\t\t\t\t\t<p><span style=\"font-weight: 400;\">Convaincus que Nigella sativa est un tr\u00e9sor insuffisamment explor\u00e9, nous travaillons au quotidien avec les meilleurs acteurs de la Recherche fran\u00e7aise. C\u2019est ainsi que nous construisons notre expertise depuis plusieurs ann\u00e9es, un savoir et un savoir-faire sur la nigelle qui sont d\u00e9sormais uniques au monde.\u00a0<\/span><\/p><p><span style=\"font-weight: 400;\">Ainsi, sur la partie \u00e9tude bibliographique et les \u00e9tudes cliniques, nous allons travailler avec <strong>l\u2019Universit\u00e9 Paris-Saclay<\/strong>, notamment la Facult\u00e9 de Pharmacie.<\/span><\/p><p><span style=\"font-weight: 400;\">Pour les recherches en Agronomie et l\u2019innovation autour de la graine et sa culture, nous avan\u00e7ons en partenariat avec <strong>l\u2019Inrae.<\/strong><\/span><\/p><p><span style=\"font-weight: 400;\">Enfin, sur la partie ingr\u00e9dient, titrage en thymoquinone, ou encore formulation, notre partenaire privil\u00e9gi\u00e9 est le <strong>groupe Robertet<\/strong>, leader mondial de l\u2019ingr\u00e9dient naturel<\/span><\/p>\t\t\t\t\t\t<\/div>\n\t\t\t\t<\/div>\n\t\t<div class=\"elementor-element elementor-element-2708d2a e-grid e-con-boxed e-con e-child\" data-id=\"2708d2a\" data-element_type=\"container\">\n\t\t\t\t\t<div class=\"e-con-inner\">\n\t\t\t\t<div class=\"elementor-element elementor-element-203c57b elementor-widget elementor-widget-image\" data-id=\"203c57b\" data-element_type=\"widget\" data-widget_type=\"image.default\">\n\t\t\t\t<div class=\"elementor-widget-container\">\n\t\t\t\t\t\t\t\t\t\t\t\t\t<img loading=\"lazy\" decoding=\"async\" width=\"800\" height=\"270\" src=\"https:\/\/odelialaboratoires.fr\/wp-content\/uploads\/2024\/04\/paris-saclay.png\" class=\"attachment-large size-large wp-image-209\" alt=\"\" srcset=\"https:\/\/odelialaboratoires.fr\/wp-content\/uploads\/2024\/04\/paris-saclay.png 1024w, https:\/\/odelialaboratoires.fr\/wp-content\/uploads\/2024\/04\/paris-saclay-300x101.png 300w, https:\/\/odelialaboratoires.fr\/wp-content\/uploads\/2024\/04\/paris-saclay-768x260.png 768w\" sizes=\"(max-width: 800px) 100vw, 800px\" \/>\t\t\t\t\t\t\t\t\t\t\t\t\t<\/div>\n\t\t\t\t<\/div>\n\t\t\t\t<div class=\"elementor-element elementor-element-d79078d elementor-widget elementor-widget-image\" data-id=\"d79078d\" data-element_type=\"widget\" data-widget_type=\"image.default\">\n\t\t\t\t<div class=\"elementor-widget-container\">\n\t\t\t\t\t\t\t\t\t\t\t\t\t<img loading=\"lazy\" decoding=\"async\" width=\"800\" height=\"211\" src=\"https:\/\/odelialaboratoires.fr\/wp-content\/uploads\/2024\/04\/inrae-1024x270.png\" class=\"attachment-large size-large wp-image-208\" alt=\"\" srcset=\"https:\/\/odelialaboratoires.fr\/wp-content\/uploads\/2024\/04\/inrae-1024x270.png 1024w, https:\/\/odelialaboratoires.fr\/wp-content\/uploads\/2024\/04\/inrae-300x79.png 300w, https:\/\/odelialaboratoires.fr\/wp-content\/uploads\/2024\/04\/inrae-768x203.png 768w, https:\/\/odelialaboratoires.fr\/wp-content\/uploads\/2024\/04\/inrae.png 1280w\" sizes=\"(max-width: 800px) 100vw, 800px\" \/>\t\t\t\t\t\t\t\t\t\t\t\t\t<\/div>\n\t\t\t\t<\/div>\n\t\t\t\t<div class=\"elementor-element elementor-element-4dfea41 elementor-widget elementor-widget-image\" data-id=\"4dfea41\" data-element_type=\"widget\" data-widget_type=\"image.default\">\n\t\t\t\t<div class=\"elementor-widget-container\">\n\t\t\t\t\t\t\t\t\t\t\t\t\t<img loading=\"lazy\" decoding=\"async\" width=\"500\" height=\"157\" src=\"https:\/\/odelialaboratoires.fr\/wp-content\/uploads\/2024\/04\/vb.svg\" class=\"attachment-large size-large wp-image-207\" alt=\"\" \/>\t\t\t\t\t\t\t\t\t\t\t\t\t<\/div>\n\t\t\t\t<\/div>\n\t\t\t\t\t<\/div>\n\t\t\t\t<\/div>\n\t\t\t\t\t<\/div>\n\t\t\t\t<\/div>\n\t\t<div class=\"elementor-element elementor-element-721185e7 e-con-full e-flex e-con e-parent\" data-id=\"721185e7\" data-element_type=\"container\" data-settings=\"{&quot;background_background&quot;:&quot;classic&quot;}\" data-core-v316-plus=\"true\">\n\t\t\t\t<div class=\"elementor-element elementor-element-1f5f41fc elementor-widget elementor-widget-heading\" data-id=\"1f5f41fc\" data-element_type=\"widget\" data-widget_type=\"heading.default\">\n\t\t\t\t<div class=\"elementor-widget-container\">\n\t\t\t<p class=\"elementor-heading-title elementor-size-default\">\u00a9 Tous droits r\u00e9serv\u00e9s<\/p>\t\t<\/div>\n\t\t\t\t<\/div>\n\t\t\t\t<\/div>\n\t\t\t\t<\/div>\n\t\t","protected":false},"excerpt":{"rendered":"<p>A la pointe de la Recherche sur la Nigelle Chez ODELIA Laboratoires, nous sommes \u00e0 la pointe de la Recherche sur Nigella sativa depuis plusieurs ann\u00e9es. Parmi les axes que nous explorons, les b\u00e9n\u00e9fices de la thymoquinone sur la sant\u00e9 et le bien-\u00eatre. Par exemple, comment la concentration en thymoquinone va \u00eatre plus ou moins [&hellip;]<\/p>\n","protected":false},"author":1,"featured_media":0,"parent":0,"menu_order":0,"comment_status":"closed","ping_status":"closed","template":"","meta":{"footnotes":""},"class_list":["post-133","page","type-page","status-publish","hentry"],"_links":{"self":[{"href":"https:\/\/odelialaboratoires.fr\/index.php\/wp-json\/wp\/v2\/pages\/133","targetHints":{"allow":["GET"]}}],"collection":[{"href":"https:\/\/odelialaboratoires.fr\/index.php\/wp-json\/wp\/v2\/pages"}],"about":[{"href":"https:\/\/odelialaboratoires.fr\/index.php\/wp-json\/wp\/v2\/types\/page"}],"author":[{"embeddable":true,"href":"https:\/\/odelialaboratoires.fr\/index.php\/wp-json\/wp\/v2\/users\/1"}],"replies":[{"embeddable":true,"href":"https:\/\/odelialaboratoires.fr\/index.php\/wp-json\/wp\/v2\/comments?post=133"}],"version-history":[{"count":49,"href":"https:\/\/odelialaboratoires.fr\/index.php\/wp-json\/wp\/v2\/pages\/133\/revisions"}],"predecessor-version":[{"id":400,"href":"https:\/\/odelialaboratoires.fr\/index.php\/wp-json\/wp\/v2\/pages\/133\/revisions\/400"}],"wp:attachment":[{"href":"https:\/\/odelialaboratoires.fr\/index.php\/wp-json\/wp\/v2\/media?parent=133"}],"curies":[{"name":"wp","href":"https:\/\/api.w.org\/{rel}","templated":true}]}}