{"id":451,"date":"2025-01-31T14:33:56","date_gmt":"2025-01-31T13:33:56","guid":{"rendered":"https:\/\/odelialaboratoires.fr\/?page_id=451"},"modified":"2025-01-31T14:54:54","modified_gmt":"2025-01-31T13:54:54","slug":"blog","status":"publish","type":"page","link":"https:\/\/odelialaboratoires.fr\/index.php\/blog\/","title":{"rendered":"BLOG"},"content":{"rendered":"\n<p>R\u00e9volution dans la prise en charge des maladies chroniques : moins de m\u00e9dicaments, plus d&#8217;efficacit\u00e9 : quel est le secret ?<br><br>\ud83d\udca3 Imaginez un bouleversement dans la prise en charge des maladies chroniques\u202f: l\u2019association de Nigella sativa et d\u2019un traitement m\u00e9dicamenteux classique, permettant de r\u00e9duire les doses tout en maintenant \u2013 voire en am\u00e9liorant \u2013 l\u2019efficacit\u00e9 th\u00e9rapeutique !<br>\ud83c\udf31 Une telle avanc\u00e9e ouvrirait la voie \u00e0 moins d\u2019effets ind\u00e9sirables, \u00e0 une meilleure observance, et \u00e0 un nouvel espoir pour des millions de patients \u00e0 travers le monde.<br><br>\ud83d\udc49 Et bien, c&#8217;est possible !<br>Voici un exemple concret : le cas du Diab\u00e8te (5 millions de personnes en France, plus de 500 millions dans le monde).<br><br>\ud83d\udc8a Dans cette \u00e9tude clinique randomis\u00e9, en double aveugle, on observe que l&#8217;association Nigella sativa + traitement antidiab\u00e9tique (ici Metformine) renforce l\u2019effet hypoglyc\u00e9miant et ouvre la voie \u00e0 une diminution graduelle des doses de m\u00e9dicament pour certains patients.<br>\ud83c\udf40 Au-del\u00e0 du seul avantage sur la glyc\u00e9mie, cette strat\u00e9gie permet d&#8217;am\u00e9liorer le profil d\u2019innocuit\u00e9 global du traitement (la metformine&#8230;\u00e7a fait mal au bide!), r\u00e9duire les complications du diab\u00e8te \u00e0 long terme gr\u00e2ce \u00e0 une nigelle riche en Thymoquinone, aux vertus anti-inflammatoire et antioxydante.<br><\/p>\n\n\n\n<p>Si vous \u00eates d\u00e9sireux d&#8217;exploiter les vertues de cette plante mill\u00e9naire, la plus dos\u00e9e du monde en Thymoquinone, ODELIA laboratoires peut vous accompagner en marques blanches.<\/p>\n\n\n\n<p>Contact : rita.masoud@lofficinedumonde.fr<\/p>\n\n\n\n<p><\/p>\n\n\n\n<figure class=\"wp-block-image size-full\"><img fetchpriority=\"high\" decoding=\"async\" width=\"592\" height=\"424\" src=\"https:\/\/odelialaboratoires.fr\/wp-content\/uploads\/2025\/01\/1737459808950.jpg\" alt=\"\" class=\"wp-image-461\" srcset=\"https:\/\/odelialaboratoires.fr\/wp-content\/uploads\/2025\/01\/1737459808950.jpg 592w, https:\/\/odelialaboratoires.fr\/wp-content\/uploads\/2025\/01\/1737459808950-300x215.jpg 300w\" sizes=\"(max-width: 592px) 100vw, 592px\" \/><\/figure>\n","protected":false},"excerpt":{"rendered":"<p>R\u00e9volution dans la prise en charge des maladies chroniques : moins de m\u00e9dicaments, plus d&#8217;efficacit\u00e9 : quel est le secret ? \ud83d\udca3 Imaginez un bouleversement dans la prise en charge des maladies chroniques\u202f: l\u2019association de Nigella sativa et d\u2019un traitement m\u00e9dicamenteux classique, permettant de r\u00e9duire les doses tout en maintenant \u2013 voire en am\u00e9liorant \u2013 [&hellip;]<\/p>\n","protected":false},"author":1,"featured_media":0,"parent":0,"menu_order":0,"comment_status":"closed","ping_status":"closed","template":"","meta":{"footnotes":""},"class_list":["post-451","page","type-page","status-publish","hentry"],"_links":{"self":[{"href":"https:\/\/odelialaboratoires.fr\/index.php\/wp-json\/wp\/v2\/pages\/451","targetHints":{"allow":["GET"]}}],"collection":[{"href":"https:\/\/odelialaboratoires.fr\/index.php\/wp-json\/wp\/v2\/pages"}],"about":[{"href":"https:\/\/odelialaboratoires.fr\/index.php\/wp-json\/wp\/v2\/types\/page"}],"author":[{"embeddable":true,"href":"https:\/\/odelialaboratoires.fr\/index.php\/wp-json\/wp\/v2\/users\/1"}],"replies":[{"embeddable":true,"href":"https:\/\/odelialaboratoires.fr\/index.php\/wp-json\/wp\/v2\/comments?post=451"}],"version-history":[{"count":3,"href":"https:\/\/odelialaboratoires.fr\/index.php\/wp-json\/wp\/v2\/pages\/451\/revisions"}],"predecessor-version":[{"id":462,"href":"https:\/\/odelialaboratoires.fr\/index.php\/wp-json\/wp\/v2\/pages\/451\/revisions\/462"}],"wp:attachment":[{"href":"https:\/\/odelialaboratoires.fr\/index.php\/wp-json\/wp\/v2\/media?parent=451"}],"curies":[{"name":"wp","href":"https:\/\/api.w.org\/{rel}","templated":true}]}}