{"id":90,"date":"2024-04-11T14:41:22","date_gmt":"2024-04-11T12:41:22","guid":{"rendered":"https:\/\/odelialaboratoires.fr\/?page_id=90"},"modified":"2024-04-12T10:59:34","modified_gmt":"2024-04-12T08:59:34","slug":"qui-sommes-nous","status":"publish","type":"page","link":"https:\/\/odelialaboratoires.fr\/index.php\/qui-sommes-nous\/","title":{"rendered":"Qui sommes-nous ?"},"content":{"rendered":"\t\t<div data-elementor-type=\"wp-page\" data-elementor-id=\"90\" class=\"elementor elementor-90\">\n\t\t\t\t<div class=\"elementor-element elementor-element-62066ba e-con-full e-flex e-con e-parent\" data-id=\"62066ba\" data-element_type=\"container\" data-settings=\"{&quot;background_background&quot;:&quot;classic&quot;}\" data-core-v316-plus=\"true\">\n\t\t<div class=\"elementor-element elementor-element-6bcc9fad e-con-full e-flex e-con e-child\" data-id=\"6bcc9fad\" data-element_type=\"container\">\n\t\t\t\t<div class=\"elementor-element elementor-element-3fe31969 elementor-widget elementor-widget-heading\" data-id=\"3fe31969\" data-element_type=\"widget\" data-widget_type=\"heading.default\">\n\t\t\t\t<div class=\"elementor-widget-container\">\n\t\t\t<style>\/*! elementor - v3.20.0 - 26-03-2024 *\/\n.elementor-heading-title{padding:0;margin:0;line-height:1}.elementor-widget-heading .elementor-heading-title[class*=elementor-size-]>a{color:inherit;font-size:inherit;line-height:inherit}.elementor-widget-heading .elementor-heading-title.elementor-size-small{font-size:15px}.elementor-widget-heading .elementor-heading-title.elementor-size-medium{font-size:19px}.elementor-widget-heading .elementor-heading-title.elementor-size-large{font-size:29px}.elementor-widget-heading .elementor-heading-title.elementor-size-xl{font-size:39px}.elementor-widget-heading .elementor-heading-title.elementor-size-xxl{font-size:59px}<\/style><h1 class=\"elementor-heading-title elementor-size-default\">Dr Rita Masoud<\/h1>\t\t<\/div>\n\t\t\t\t<\/div>\n\t\t\t\t<div class=\"elementor-element elementor-element-7bfeabe1 elementor-widget elementor-widget-text-editor\" data-id=\"7bfeabe1\" data-element_type=\"widget\" data-widget_type=\"text-editor.default\">\n\t\t\t\t<div class=\"elementor-widget-container\">\n\t\t\t<style>\/*! elementor - v3.20.0 - 26-03-2024 *\/\n.elementor-widget-text-editor.elementor-drop-cap-view-stacked .elementor-drop-cap{background-color:#69727d;color:#fff}.elementor-widget-text-editor.elementor-drop-cap-view-framed .elementor-drop-cap{color:#69727d;border:3px solid;background-color:transparent}.elementor-widget-text-editor:not(.elementor-drop-cap-view-default) .elementor-drop-cap{margin-top:8px}.elementor-widget-text-editor:not(.elementor-drop-cap-view-default) .elementor-drop-cap-letter{width:1em;height:1em}.elementor-widget-text-editor .elementor-drop-cap{float:left;text-align:center;line-height:1;font-size:50px}.elementor-widget-text-editor .elementor-drop-cap-letter{display:inline-block}<\/style>\t\t\t\t<p>Pharmacienne dipl\u00f4m\u00e9e de Paris-Saclay et passionn\u00e9e par le bien-\u00eatre et la sant\u00e9, je vous invite \u00e0 d\u00e9couvrir\u00a0la Nigelle, une plante aux mille vertus incroyables et pourtant accessible \u00e0 tous.<\/p>\t\t\t\t\t\t<\/div>\n\t\t\t\t<\/div>\n\t\t\t\t<\/div>\n\t\t<div class=\"elementor-element elementor-element-680ef08b e-con-full e-flex e-con e-child\" data-id=\"680ef08b\" data-element_type=\"container\">\n\t\t\t\t<div class=\"elementor-element elementor-element-26588a6d elementor-widget elementor-widget-image\" data-id=\"26588a6d\" data-element_type=\"widget\" data-widget_type=\"image.default\">\n\t\t\t\t<div class=\"elementor-widget-container\">\n\t\t\t<style>\/*! elementor - v3.20.0 - 26-03-2024 *\/\n.elementor-widget-image{text-align:center}.elementor-widget-image a{display:inline-block}.elementor-widget-image a img[src$=\".svg\"]{width:48px}.elementor-widget-image img{vertical-align:middle;display:inline-block}<\/style>\t\t\t\t\t\t\t\t\t\t<img fetchpriority=\"high\" decoding=\"async\" width=\"817\" height=\"711\" src=\"https:\/\/odelialaboratoires.fr\/wp-content\/uploads\/2024\/04\/dr_rita_masoud_pharmacienne-1-e1712846389799.jpg\" class=\"attachment-2048x2048 size-2048x2048 wp-image-162\" alt=\"\" srcset=\"https:\/\/odelialaboratoires.fr\/wp-content\/uploads\/2024\/04\/dr_rita_masoud_pharmacienne-1-e1712846389799.jpg 817w, https:\/\/odelialaboratoires.fr\/wp-content\/uploads\/2024\/04\/dr_rita_masoud_pharmacienne-1-e1712846389799-300x261.jpg 300w, https:\/\/odelialaboratoires.fr\/wp-content\/uploads\/2024\/04\/dr_rita_masoud_pharmacienne-1-e1712846389799-768x668.jpg 768w\" sizes=\"(max-width: 817px) 100vw, 817px\" \/>\t\t\t\t\t\t\t\t\t\t\t\t\t<\/div>\n\t\t\t\t<\/div>\n\t\t\t\t<\/div>\n\t\t\t\t<\/div>\n\t\t<div class=\"elementor-element elementor-element-50d81f10 e-flex e-con-boxed e-con e-parent\" data-id=\"50d81f10\" data-element_type=\"container\" data-core-v316-plus=\"true\">\n\t\t\t\t\t<div class=\"e-con-inner\">\n\t\t<div class=\"elementor-element elementor-element-7b0e13a9 e-con-full e-flex e-con e-child\" data-id=\"7b0e13a9\" data-element_type=\"container\">\n\t\t<div class=\"elementor-element elementor-element-6e8ca8f e-con-full e-flex e-con e-child\" data-id=\"6e8ca8f\" data-element_type=\"container\">\n\t\t\t\t<div class=\"elementor-element elementor-element-7ef73df6 elementor-widget elementor-widget-image\" data-id=\"7ef73df6\" data-element_type=\"widget\" data-widget_type=\"image.default\">\n\t\t\t\t<div class=\"elementor-widget-container\">\n\t\t\t\t\t\t\t\t\t\t\t\t\t<img decoding=\"async\" width=\"800\" height=\"598\" src=\"https:\/\/odelialaboratoires.fr\/wp-content\/uploads\/2024\/04\/Sans-titre-2-e1712846594739-1024x765.png\" class=\"attachment-large size-large wp-image-170\" alt=\"\" srcset=\"https:\/\/odelialaboratoires.fr\/wp-content\/uploads\/2024\/04\/Sans-titre-2-e1712846594739-1024x765.png 1024w, https:\/\/odelialaboratoires.fr\/wp-content\/uploads\/2024\/04\/Sans-titre-2-e1712846594739-300x224.png 300w, https:\/\/odelialaboratoires.fr\/wp-content\/uploads\/2024\/04\/Sans-titre-2-e1712846594739-768x574.png 768w, https:\/\/odelialaboratoires.fr\/wp-content\/uploads\/2024\/04\/Sans-titre-2-e1712846594739-1536x1148.png 1536w, https:\/\/odelialaboratoires.fr\/wp-content\/uploads\/2024\/04\/Sans-titre-2-e1712846594739-2048x1531.png 2048w\" sizes=\"(max-width: 800px) 100vw, 800px\" \/>\t\t\t\t\t\t\t\t\t\t\t\t\t<\/div>\n\t\t\t\t<\/div>\n\t\t\t\t<div class=\"elementor-element elementor-element-62ce1c64 elementor-widget elementor-widget-image\" data-id=\"62ce1c64\" data-element_type=\"widget\" data-widget_type=\"image.default\">\n\t\t\t\t<div class=\"elementor-widget-container\">\n\t\t\t\t\t\t\t\t\t\t\t\t\t<img decoding=\"async\" width=\"800\" height=\"635\" src=\"https:\/\/odelialaboratoires.fr\/wp-content\/uploads\/2024\/04\/IMG_2378-1024x813.jpg\" class=\"attachment-large size-large wp-image-171\" alt=\"\" srcset=\"https:\/\/odelialaboratoires.fr\/wp-content\/uploads\/2024\/04\/IMG_2378-1024x813.jpg 1024w, https:\/\/odelialaboratoires.fr\/wp-content\/uploads\/2024\/04\/IMG_2378-300x238.jpg 300w, https:\/\/odelialaboratoires.fr\/wp-content\/uploads\/2024\/04\/IMG_2378-768x610.jpg 768w, https:\/\/odelialaboratoires.fr\/wp-content\/uploads\/2024\/04\/IMG_2378-1536x1219.jpg 1536w, https:\/\/odelialaboratoires.fr\/wp-content\/uploads\/2024\/04\/IMG_2378-2048x1625.jpg 2048w\" sizes=\"(max-width: 800px) 100vw, 800px\" \/>\t\t\t\t\t\t\t\t\t\t\t\t\t<\/div>\n\t\t\t\t<\/div>\n\t\t\t\t<\/div>\n\t\t<div class=\"elementor-element elementor-element-6becbaa9 e-con-full e-flex e-con e-child\" data-id=\"6becbaa9\" data-element_type=\"container\">\n\t\t\t\t<div class=\"elementor-element elementor-element-d992d99 elementor-widget elementor-widget-image\" data-id=\"d992d99\" data-element_type=\"widget\" data-widget_type=\"image.default\">\n\t\t\t\t<div class=\"elementor-widget-container\">\n\t\t\t\t\t\t\t\t\t\t\t\t\t<img loading=\"lazy\" decoding=\"async\" width=\"800\" height=\"506\" src=\"https:\/\/odelialaboratoires.fr\/wp-content\/uploads\/2024\/04\/Design-sans-titre-6-e1712872437523-1024x648.png\" class=\"attachment-large size-large wp-image-168\" alt=\"\" srcset=\"https:\/\/odelialaboratoires.fr\/wp-content\/uploads\/2024\/04\/Design-sans-titre-6-e1712872437523-1024x648.png 1024w, https:\/\/odelialaboratoires.fr\/wp-content\/uploads\/2024\/04\/Design-sans-titre-6-e1712872437523-300x190.png 300w, https:\/\/odelialaboratoires.fr\/wp-content\/uploads\/2024\/04\/Design-sans-titre-6-e1712872437523-768x486.png 768w, https:\/\/odelialaboratoires.fr\/wp-content\/uploads\/2024\/04\/Design-sans-titre-6-e1712872437523-1536x972.png 1536w, https:\/\/odelialaboratoires.fr\/wp-content\/uploads\/2024\/04\/Design-sans-titre-6-e1712872437523.png 2000w\" sizes=\"(max-width: 800px) 100vw, 800px\" \/>\t\t\t\t\t\t\t\t\t\t\t\t\t<\/div>\n\t\t\t\t<\/div>\n\t\t\t\t<div class=\"elementor-element elementor-element-532a8c36 elementor-widget elementor-widget-image\" data-id=\"532a8c36\" data-element_type=\"widget\" data-widget_type=\"image.default\">\n\t\t\t\t<div class=\"elementor-widget-container\">\n\t\t\t\t\t\t\t\t\t\t\t\t\t<img loading=\"lazy\" decoding=\"async\" width=\"800\" height=\"533\" src=\"https:\/\/odelialaboratoires.fr\/wp-content\/uploads\/2024\/04\/conservation-environnement-dans-jardin-pour-enfants-1024x682.jpg\" class=\"attachment-large size-large wp-image-169\" alt=\"\" srcset=\"https:\/\/odelialaboratoires.fr\/wp-content\/uploads\/2024\/04\/conservation-environnement-dans-jardin-pour-enfants-1024x682.jpg 1024w, https:\/\/odelialaboratoires.fr\/wp-content\/uploads\/2024\/04\/conservation-environnement-dans-jardin-pour-enfants-300x200.jpg 300w, https:\/\/odelialaboratoires.fr\/wp-content\/uploads\/2024\/04\/conservation-environnement-dans-jardin-pour-enfants-768x512.jpg 768w, https:\/\/odelialaboratoires.fr\/wp-content\/uploads\/2024\/04\/conservation-environnement-dans-jardin-pour-enfants-1536x1024.jpg 1536w, https:\/\/odelialaboratoires.fr\/wp-content\/uploads\/2024\/04\/conservation-environnement-dans-jardin-pour-enfants.jpg 2000w\" sizes=\"(max-width: 800px) 100vw, 800px\" \/>\t\t\t\t\t\t\t\t\t\t\t\t\t<\/div>\n\t\t\t\t<\/div>\n\t\t\t\t<\/div>\n\t\t\t\t<\/div>\n\t\t<div class=\"elementor-element elementor-element-59cf4806 e-con-full e-flex e-con e-child\" data-id=\"59cf4806\" data-element_type=\"container\">\n\t\t\t\t<div class=\"elementor-element elementor-element-657f0551 elementor-widget elementor-widget-heading\" data-id=\"657f0551\" data-element_type=\"widget\" data-widget_type=\"heading.default\">\n\t\t\t\t<div class=\"elementor-widget-container\">\n\t\t\t<h3 class=\"elementor-heading-title elementor-size-default\">L'initiation<\/h3>\t\t<\/div>\n\t\t\t\t<\/div>\n\t\t\t\t<div class=\"elementor-element elementor-element-58bedd70 elementor-widget elementor-widget-text-editor\" data-id=\"58bedd70\" data-element_type=\"widget\" data-widget_type=\"text-editor.default\">\n\t\t\t\t<div class=\"elementor-widget-container\">\n\t\t\t\t\t\t\t<p>Depuis toute petite, je baigne dans les champs, les plantes, les fleurs et la nature. Mon p\u00e8re, \u00e9gyptien\u00a0et poss\u00e9dant des champs de nigelle et de coton, m&#8217;a initi\u00e9e \u00e0 l&#8217;amour de la faune et de la flore.\u00a0\u00a0<\/p><p>Inconsciente des vertus des plantes autour de moi, ma curiosit\u00e9 \u00e0 commencer \u00e0 s&#8217;\u00e9veiller lorsque ma m\u00e8re me donnait des graines de nigelle pour soigner mes maux de ventre et calmer mes allergies. Peu \u00e0 peu, la nigelle s&#8217;est invit\u00e9e dans notre alimentation au quotidien, gr\u00e2ce \u00e0 l&#8217;huile extraite de graines.<br \/>Souffrant \u00e9galement de psoriasis depuis mon plus jeune \u00e2ge, je voyais ma m\u00e8re appliquer d\u00e9licatement l&#8217;huile de nigelle sur mes plaques, qui au fur et \u00e0 mesure du temps, s&#8217;estompaient.<\/p>\t\t\t\t\t\t<\/div>\n\t\t\t\t<\/div>\n\t\t\t\t<\/div>\n\t\t\t\t\t<\/div>\n\t\t\t\t<\/div>\n\t\t<div class=\"elementor-element elementor-element-4839ad1 e-con-full e-flex e-con e-parent\" data-id=\"4839ad1\" data-element_type=\"container\" data-settings=\"{&quot;background_background&quot;:&quot;classic&quot;}\" data-core-v316-plus=\"true\">\n\t\t<div class=\"elementor-element elementor-element-22b8e14 e-con-full e-flex e-con e-child\" data-id=\"22b8e14\" data-element_type=\"container\">\n\t\t\t\t<div class=\"elementor-element elementor-element-fe72912 elementor-widget elementor-widget-heading\" data-id=\"fe72912\" data-element_type=\"widget\" data-widget_type=\"heading.default\">\n\t\t\t\t<div class=\"elementor-widget-container\">\n\t\t\t<h1 class=\"elementor-heading-title elementor-size-default\">Au fil du temps<\/h1>\t\t<\/div>\n\t\t\t\t<\/div>\n\t\t\t\t<div class=\"elementor-element elementor-element-822cdeb elementor-widget elementor-widget-text-editor\" data-id=\"822cdeb\" data-element_type=\"widget\" data-widget_type=\"text-editor.default\">\n\t\t\t\t<div class=\"elementor-widget-container\">\n\t\t\t\t\t\t\t<p>Je d\u00e9couvrais cette plante ; je me passionnais pour sa richesse ; je mesurais l&#8217;\u00e9tendue de ses bienfaits. Je savais que, plus tard, je m&#8217;efforcerais de mettre \u00e0 jour ce qui en fait la singularit\u00e9.<\/p><p>C&#8217;est alors que j&#8217;ai rencontr\u00e9 Olivier Decazes, qui avait un projet unique autour de la Nigelle.<\/p><p>Anti-inflammatoire, anti-oxydante, immunomodulatrice, d\u00e9couvrez toutes ses vertus gr\u00e2ce \u00e0 notre \u00e9tude scientifique faites par de grands chercheurs issus de l&#8217;Universit\u00e9 Paris Saclay.\u00a0<\/p><p>Mon ambition : cr\u00e9er des formules \u00e0 base de Nigelle venant compl\u00e9ter les soins administr\u00e9s aux patients.\u00a0<\/p>\t\t\t\t\t\t<\/div>\n\t\t\t\t<\/div>\n\t\t\t\t<div class=\"elementor-element elementor-element-5200cf0 elementor-align-center elementor-mobile-align-center elementor-widget elementor-widget-button\" data-id=\"5200cf0\" data-element_type=\"widget\" data-widget_type=\"button.default\">\n\t\t\t\t<div class=\"elementor-widget-container\">\n\t\t\t\t\t<div class=\"elementor-button-wrapper\">\n\t\t\t<a class=\"elementor-button elementor-button-link elementor-size-sm\" href=\"https:\/\/odelialaboratoires.fr\/index.php\/nigella-sativa\/\">\n\t\t\t\t\t\t<span class=\"elementor-button-content-wrapper\">\n\t\t\t\t\t\t<span class=\"elementor-button-text\">En savoir plus<\/span>\n\t\t<\/span>\n\t\t\t\t\t<\/a>\n\t\t<\/div>\n\t\t\t\t<\/div>\n\t\t\t\t<\/div>\n\t\t\t\t<\/div>\n\t\t<div class=\"elementor-element elementor-element-738e241 e-con-full e-flex e-con e-child\" data-id=\"738e241\" data-element_type=\"container\">\n\t\t\t\t<div class=\"elementor-element elementor-element-fbf8881 elementor-widget elementor-widget-image\" data-id=\"fbf8881\" data-element_type=\"widget\" data-widget_type=\"image.default\">\n\t\t\t\t<div class=\"elementor-widget-container\">\n\t\t\t\t\t\t\t\t\t\t\t\t\t<img loading=\"lazy\" decoding=\"async\" width=\"800\" height=\"491\" src=\"https:\/\/odelialaboratoires.fr\/wp-content\/uploads\/2024\/04\/olivier_decazes_et_dr_rita_masoud_l_officine_du_monde_nigelle-2.jpg\" class=\"attachment-large size-large wp-image-163\" alt=\"\" srcset=\"https:\/\/odelialaboratoires.fr\/wp-content\/uploads\/2024\/04\/olivier_decazes_et_dr_rita_masoud_l_officine_du_monde_nigelle-2.jpg 847w, https:\/\/odelialaboratoires.fr\/wp-content\/uploads\/2024\/04\/olivier_decazes_et_dr_rita_masoud_l_officine_du_monde_nigelle-2-300x184.jpg 300w, https:\/\/odelialaboratoires.fr\/wp-content\/uploads\/2024\/04\/olivier_decazes_et_dr_rita_masoud_l_officine_du_monde_nigelle-2-768x471.jpg 768w\" sizes=\"(max-width: 800px) 100vw, 800px\" \/>\t\t\t\t\t\t\t\t\t\t\t\t\t<\/div>\n\t\t\t\t<\/div>\n\t\t\t\t<\/div>\n\t\t\t\t<\/div>\n\t\t<div class=\"elementor-element elementor-element-80c2eec e-con-full e-flex e-con e-parent\" data-id=\"80c2eec\" data-element_type=\"container\" data-settings=\"{&quot;background_background&quot;:&quot;classic&quot;}\" data-core-v316-plus=\"true\">\n\t\t<div class=\"elementor-element elementor-element-bf063a6 e-con-full e-flex e-con e-child\" data-id=\"bf063a6\" data-element_type=\"container\">\n\t\t\t\t<div class=\"elementor-element elementor-element-7fb052d elementor-widget elementor-widget-image\" data-id=\"7fb052d\" data-element_type=\"widget\" data-widget_type=\"image.default\">\n\t\t\t\t<div class=\"elementor-widget-container\">\n\t\t\t\t\t\t\t\t\t\t\t\t\t<img loading=\"lazy\" decoding=\"async\" width=\"681\" height=\"681\" src=\"https:\/\/odelialaboratoires.fr\/wp-content\/uploads\/2024\/04\/ID-OD-e1712905206635.jpg\" class=\"attachment-large size-large wp-image-164\" alt=\"\" srcset=\"https:\/\/odelialaboratoires.fr\/wp-content\/uploads\/2024\/04\/ID-OD-e1712905206635.jpg 681w, https:\/\/odelialaboratoires.fr\/wp-content\/uploads\/2024\/04\/ID-OD-e1712905206635-300x300.jpg 300w, https:\/\/odelialaboratoires.fr\/wp-content\/uploads\/2024\/04\/ID-OD-e1712905206635-150x150.jpg 150w\" sizes=\"(max-width: 681px) 100vw, 681px\" \/>\t\t\t\t\t\t\t\t\t\t\t\t\t<\/div>\n\t\t\t\t<\/div>\n\t\t\t\t<\/div>\n\t\t<div class=\"elementor-element elementor-element-4505ec8 e-con-full e-flex e-con e-child\" data-id=\"4505ec8\" data-element_type=\"container\">\n\t\t\t\t<div class=\"elementor-element elementor-element-27b135c elementor-widget elementor-widget-heading\" data-id=\"27b135c\" data-element_type=\"widget\" data-widget_type=\"heading.default\">\n\t\t\t\t<div class=\"elementor-widget-container\">\n\t\t\t<h1 class=\"elementor-heading-title elementor-size-default\">Olivier Decazes<\/h1>\t\t<\/div>\n\t\t\t\t<\/div>\n\t\t\t\t<div class=\"elementor-element elementor-element-af1df19 elementor-widget elementor-widget-text-editor\" data-id=\"af1df19\" data-element_type=\"widget\" data-widget_type=\"text-editor.default\">\n\t\t\t\t<div class=\"elementor-widget-container\">\n\t\t\t\t\t\t\t<p>C\u2019est gr\u00e2ce \u00e0 une rencontre que ce projet et cette histoire d\u00e9but\u00e8rent. J\u2019ai d\u00e9couvert la Nigelle au cours d\u2019un voyage au Moyen-Orient.<br \/>D\u00e8s mon retour en France, j&#8217;ai propos\u00e9 \u00e0 Rita de travailler avec moi. Elle \u00e9tait l\u2019experte, celle qui connaissait le mieux la plante, sa culture et tout ce qu\u2019elle pouvait donner. Ensemble, nous avons d\u00e9cid\u00e9 de donner vie \u00e0 cette richesse trop peu connue, et de cr\u00e9er une gamme unique autour de la Nigelle, la plante aux mille vertus. En travaillant sur le principe actif de l&#8217;huile, la thymoquinone, nous avons exploit\u00e9 de mani\u00e8re in\u00e9gal\u00e9e les vertus de cette plante, pour qu&#8217;elle r\u00e9ponde \u00e0 vos besoins de fa\u00e7on optimale.<\/p>\t\t\t\t\t\t<\/div>\n\t\t\t\t<\/div>\n\t\t\t\t<\/div>\n\t\t\t\t<\/div>\n\t\t<div class=\"elementor-element elementor-element-36399bac e-con-full e-flex e-con e-parent\" data-id=\"36399bac\" data-element_type=\"container\" data-settings=\"{&quot;background_background&quot;:&quot;classic&quot;}\" data-core-v316-plus=\"true\">\n\t\t\t\t<div class=\"elementor-element elementor-element-58d9d19 elementor-widget elementor-widget-heading\" data-id=\"58d9d19\" data-element_type=\"widget\" data-widget_type=\"heading.default\">\n\t\t\t\t<div class=\"elementor-widget-container\">\n\t\t\t<p class=\"elementor-heading-title elementor-size-default\">\u00a9 Tous droits r\u00e9serv\u00e9s<\/p>\t\t<\/div>\n\t\t\t\t<\/div>\n\t\t\t\t<\/div>\n\t\t\t\t<\/div>\n\t\t","protected":false},"excerpt":{"rendered":"<p>Dr Rita Masoud Pharmacienne dipl\u00f4m\u00e9e de Paris-Saclay et passionn\u00e9e par le bien-\u00eatre et la sant\u00e9, je vous invite \u00e0 d\u00e9couvrir\u00a0la Nigelle, une plante aux mille vertus incroyables et pourtant accessible \u00e0 tous. L&#8217;initiation Depuis toute petite, je baigne dans les champs, les plantes, les fleurs et la nature. Mon p\u00e8re, \u00e9gyptien\u00a0et poss\u00e9dant des champs de [&hellip;]<\/p>\n","protected":false},"author":1,"featured_media":0,"parent":0,"menu_order":0,"comment_status":"closed","ping_status":"closed","template":"","meta":{"footnotes":""},"class_list":["post-90","page","type-page","status-publish","hentry"],"_links":{"self":[{"href":"https:\/\/odelialaboratoires.fr\/index.php\/wp-json\/wp\/v2\/pages\/90","targetHints":{"allow":["GET"]}}],"collection":[{"href":"https:\/\/odelialaboratoires.fr\/index.php\/wp-json\/wp\/v2\/pages"}],"about":[{"href":"https:\/\/odelialaboratoires.fr\/index.php\/wp-json\/wp\/v2\/types\/page"}],"author":[{"embeddable":true,"href":"https:\/\/odelialaboratoires.fr\/index.php\/wp-json\/wp\/v2\/users\/1"}],"replies":[{"embeddable":true,"href":"https:\/\/odelialaboratoires.fr\/index.php\/wp-json\/wp\/v2\/comments?post=90"}],"version-history":[{"count":20,"href":"https:\/\/odelialaboratoires.fr\/index.php\/wp-json\/wp\/v2\/pages\/90\/revisions"}],"predecessor-version":[{"id":370,"href":"https:\/\/odelialaboratoires.fr\/index.php\/wp-json\/wp\/v2\/pages\/90\/revisions\/370"}],"wp:attachment":[{"href":"https:\/\/odelialaboratoires.fr\/index.php\/wp-json\/wp\/v2\/media?parent=90"}],"curies":[{"name":"wp","href":"https:\/\/api.w.org\/{rel}","templated":true}]}}